{"id":146119,"date":"2025-09-29T17:54:15","date_gmt":"2025-09-29T15:54:15","guid":{"rendered":"http:\/\/download2.winandoffice.com\/?page_id=89"},"modified":"2025-11-30T01:37:33","modified_gmt":"2025-11-30T00:37:33","slug":"categories-esd","status":"publish","type":"page","link":"https:\/\/manuals.winandofficews.com\/fi\/categories-esd\/","title":{"rendered":"Kategoriat Esd"},"content":{"rendered":"<div data-elementor-type=\"wp-page\" data-elementor-id=\"146119\" class=\"elementor elementor-146119\">\n\t\t\t\t\t\t<section class=\"elementor-section elementor-top-section elementor-element elementor-element-da214ff elementor-section-stretched elementor-section-boxed elementor-section-height-default elementor-section-height-default\" data-id=\"da214ff\" data-element_type=\"section\" data-e-type=\"section\" data-settings=\"{&quot;stretch_section&quot;:&quot;section-stretched&quot;}\">\n\t\t\t\t\t\t<div class=\"elementor-container elementor-column-gap-default\">\n\t\t\t\t\t<div class=\"elementor-column elementor-col-100 elementor-top-column elementor-element elementor-element-e66ab04\" data-id=\"e66ab04\" data-element_type=\"column\" data-e-type=\"column\">\n\t\t\t<div class=\"elementor-widget-wrap elementor-element-populated\">\n\t\t\t\t\t\t<div class=\"elementor-element elementor-element-4c90dce elementor-widget elementor-widget-heading\" data-id=\"4c90dce\" data-element_type=\"widget\" data-e-type=\"widget\" data-widget_type=\"heading.default\">\n\t\t\t\t<div class=\"elementor-widget-container\">\n\t\t\t\t\t<h2 class=\"elementor-heading-title elementor-size-default\">Download Sivusto<\/h2>\t\t\t\t<\/div>\n\t\t\t\t<\/div>\n\t\t\t\t\t<\/div>\n\t\t<\/div>\n\t\t\t\t\t<\/div>\n\t\t<\/section>\n\t\t\t\t<section class=\"elementor-section elementor-top-section elementor-element elementor-element-72d614b elementor-section-boxed elementor-section-height-default elementor-section-height-default\" data-id=\"72d614b\" data-element_type=\"section\" data-e-type=\"section\">\n\t\t\t\t\t\t<div class=\"elementor-container elementor-column-gap-default\">\n\t\t\t\t\t<div class=\"elementor-column elementor-col-100 elementor-top-column elementor-element elementor-element-0293dac\" data-id=\"0293dac\" data-element_type=\"column\" data-e-type=\"column\">\n\t\t\t<div class=\"elementor-widget-wrap elementor-element-populated\">\n\t\t\t\t\t\t<div class=\"elementor-element elementor-element-94876fc elementor-widget-divider--view-line elementor-widget elementor-widget-divider\" data-id=\"94876fc\" data-element_type=\"widget\" data-e-type=\"widget\" data-widget_type=\"divider.default\">\n\t\t\t\t<div class=\"elementor-widget-container\">\n\t\t\t\t\t\t\t<div class=\"elementor-divider\">\n\t\t\t<span class=\"elementor-divider-separator\">\n\t\t\t\t\t\t<\/span>\n\t\t<\/div>\n\t\t\t\t\t\t<\/div>\n\t\t\t\t<\/div>\n\t\t\t\t\t<\/div>\n\t\t<\/div>\n\t\t\t\t\t<\/div>\n\t\t<\/section>\n\t\t\t\t<section class=\"elementor-section elementor-top-section elementor-element elementor-element-c287a99 elementor-section-stretched elementor-section-boxed elementor-section-height-default elementor-section-height-default\" data-id=\"c287a99\" data-element_type=\"section\" data-e-type=\"section\" data-settings=\"{&quot;stretch_section&quot;:&quot;section-stretched&quot;}\">\n\t\t\t\t\t\t<div class=\"elementor-container elementor-column-gap-default\">\n\t\t\t\t\t<div class=\"elementor-column elementor-col-25 elementor-top-column elementor-element elementor-element-4ce0b02\" data-id=\"4ce0b02\" data-element_type=\"column\" data-e-type=\"column\">\n\t\t\t<div class=\"elementor-widget-wrap elementor-element-populated\">\n\t\t\t\t\t\t<div class=\"elementor-element elementor-element-3513a5f elementor-widget elementor-widget-heading\" data-id=\"3513a5f\" data-element_type=\"widget\" data-e-type=\"widget\" data-widget_type=\"heading.default\">\n\t\t\t\t<div class=\"elementor-widget-container\">\n\t\t\t\t\t<h2 class=\"elementor-heading-title elementor-size-default\"><a href=\"\/fi\/manuals\/ms_office-esd\/\">MS Office<\/a><\/h2>\t\t\t\t<\/div>\n\t\t\t\t<\/div>\n\t\t\t\t<div class=\"elementor-element elementor-element-3949b32 elementor-widget elementor-widget-image\" data-id=\"3949b32\" data-element_type=\"widget\" data-e-type=\"widget\" data-widget_type=\"image.default\">\n\t\t\t\t<div class=\"elementor-widget-container\">\n\t\t\t\t\t\t\t\t\t\t\t\t\t\t\t\t<a href=\"\/fi\/ms_office-esd\/\">\n\t\t\t\t\t\t\t<img decoding=\"async\" src=\"\/wp-content\/uploads\/2021\/esdretail\/catOffice.png\" title=\"\" alt=\"\" loading=\"lazy\" \/>\t\t\t\t\t\t\t\t<\/a>\n\t\t\t\t\t\t\t\t\t\t\t\t\t\t\t<\/div>\n\t\t\t\t<\/div>\n\t\t\t\t<div class=\"elementor-element elementor-element-e8d6329 elementor-widget elementor-widget-text-editor\" data-id=\"e8d6329\" data-element_type=\"widget\" data-e-type=\"widget\" data-widget_type=\"text-editor.default\">\n\t\t\t\t<div class=\"elementor-widget-container\">\n\t\t\t\t\t\t\t\t\t<p><span style=\"font-size: 14pt;\"><strong>Microsoft Office on toimistopaketti, joka kattaa koko Internetin markkinat ja Microsoft Windows -k\u00e4ytt\u00f6j\u00e4rjestelmien ty\u00f6p\u00f6yt\u00e4sovellukset.<\/strong><\/span><\/p>\t\t\t\t\t\t\t\t<\/div>\n\t\t\t\t<\/div>\n\t\t\t\t\t<\/div>\n\t\t<\/div>\n\t\t\t\t<div class=\"elementor-column elementor-col-25 elementor-top-column elementor-element elementor-element-68a002e\" data-id=\"68a002e\" data-element_type=\"column\" data-e-type=\"column\">\n\t\t\t<div class=\"elementor-widget-wrap elementor-element-populated\">\n\t\t\t\t\t\t<div class=\"elementor-element elementor-element-4b66a33 elementor-widget elementor-widget-heading\" data-id=\"4b66a33\" data-element_type=\"widget\" data-e-type=\"widget\" data-widget_type=\"heading.default\">\n\t\t\t\t<div class=\"elementor-widget-container\">\n\t\t\t\t\t<h2 class=\"elementor-heading-title elementor-size-default\"><a href=\"\/fi\/manuals\/windows-desktop-esd\/\">Windows Desktop<\/a><\/h2>\t\t\t\t<\/div>\n\t\t\t\t<\/div>\n\t\t\t\t<div class=\"elementor-element elementor-element-70fd2ad elementor-widget elementor-widget-image\" data-id=\"70fd2ad\" data-element_type=\"widget\" data-e-type=\"widget\" data-widget_type=\"image.default\">\n\t\t\t\t<div class=\"elementor-widget-container\">\n\t\t\t\t\t\t\t\t\t\t\t\t\t\t\t\t<a href=\"\/fi\/windows-desktop-esd\/\">\n\t\t\t\t\t\t\t<img decoding=\"async\" src=\"\/wp-content\/uploads\/2021\/esdretail\/catWinDesktop.png\" title=\"\" alt=\"\" loading=\"lazy\" \/>\t\t\t\t\t\t\t\t<\/a>\n\t\t\t\t\t\t\t\t\t\t\t\t\t\t\t<\/div>\n\t\t\t\t<\/div>\n\t\t\t\t<div class=\"elementor-element elementor-element-d469ad1 elementor-widget elementor-widget-text-editor\" data-id=\"d469ad1\" data-element_type=\"widget\" data-e-type=\"widget\" data-widget_type=\"text-editor.default\">\n\t\t\t\t<div class=\"elementor-widget-container\">\n\t\t\t\t\t\t\t\t\t<p><span style=\"font-size: 14pt;\"><strong>Windows on k\u00e4ytt\u00f6j\u00e4rjestelm\u00e4 eli ohjelmakokonaisuus, jonka avulla voidaan hallita tietokoneen resursseja.<\/strong><\/span><\/p>\t\t\t\t\t\t\t\t<\/div>\n\t\t\t\t<\/div>\n\t\t\t\t\t<\/div>\n\t\t<\/div>\n\t\t\t\t<div class=\"elementor-column elementor-col-25 elementor-top-column elementor-element elementor-element-756452b\" data-id=\"756452b\" data-element_type=\"column\" data-e-type=\"column\">\n\t\t\t<div class=\"elementor-widget-wrap elementor-element-populated\">\n\t\t\t\t\t\t<div class=\"elementor-element elementor-element-c0b4064 elementor-widget elementor-widget-heading\" data-id=\"c0b4064\" data-element_type=\"widget\" data-e-type=\"widget\" data-widget_type=\"heading.default\">\n\t\t\t\t<div class=\"elementor-widget-container\">\n\t\t\t\t\t<h2 class=\"elementor-heading-title elementor-size-default\"><a href=\"\/fi\/windows-server-retail\/\">Windows Server<\/a><\/h2>\t\t\t\t<\/div>\n\t\t\t\t<\/div>\n\t\t\t\t<div class=\"elementor-element elementor-element-65ad991 elementor-widget elementor-widget-image\" data-id=\"65ad991\" data-element_type=\"widget\" data-e-type=\"widget\" data-widget_type=\"image.default\">\n\t\t\t\t<div class=\"elementor-widget-container\">\n\t\t\t\t\t\t\t\t\t\t\t\t\t\t\t\t<a href=\"\/fi\/windows-server-retail\/\">\n\t\t\t\t\t\t\t<img decoding=\"async\" src=\"\/wp-content\/uploads\/2021\/esdretail\/catWinServer.png\" title=\"\" alt=\"\" loading=\"lazy\" \/>\t\t\t\t\t\t\t\t<\/a>\n\t\t\t\t\t\t\t\t\t\t\t\t\t\t\t<\/div>\n\t\t\t\t<\/div>\n\t\t\t\t<div class=\"elementor-element elementor-element-aef5601 elementor-widget elementor-widget-text-editor\" data-id=\"aef5601\" data-element_type=\"widget\" data-e-type=\"widget\" data-widget_type=\"text-editor.default\">\n\t\t\t\t<div class=\"elementor-widget-container\">\n\t\t\t\t\t\t\t\t\t<span style=\"font-size: 14pt;\"><strong>\nMicrosoft Windows Server on Microsoft Corporationin kehitt\u00e4m\u00e4 palvelintuotesarja. Sit\u00e4 k\u00e4ytet\u00e4\u00e4n suurissa yrityksiss\u00e4 ymp\u00e4ri maailmaa.\n<\/strong><\/span>\t\t\t\t\t\t\t\t<\/div>\n\t\t\t\t<\/div>\n\t\t\t\t\t<\/div>\n\t\t<\/div>\n\t\t\t\t<div class=\"elementor-column elementor-col-25 elementor-top-column elementor-element elementor-element-6308624\" data-id=\"6308624\" data-element_type=\"column\" data-e-type=\"column\">\n\t\t\t<div class=\"elementor-widget-wrap elementor-element-populated\">\n\t\t\t\t\t\t<div class=\"elementor-element elementor-element-852974e elementor-widget elementor-widget-heading\" data-id=\"852974e\" data-element_type=\"widget\" data-e-type=\"widget\" data-widget_type=\"heading.default\">\n\t\t\t\t<div class=\"elementor-widget-container\">\n\t\t\t\t\t<h2 class=\"elementor-heading-title elementor-size-default\"><a href=\"\/fi\/manuals\/antivirus-desktop\/\">Antivirus<\/a><\/h2>\t\t\t\t<\/div>\n\t\t\t\t<\/div>\n\t\t\t\t<div class=\"elementor-element elementor-element-95cb672 elementor-widget elementor-widget-image\" data-id=\"95cb672\" data-element_type=\"widget\" data-e-type=\"widget\" data-widget_type=\"image.default\">\n\t\t\t\t<div class=\"elementor-widget-container\">\n\t\t\t\t\t\t\t\t\t\t\t\t\t\t\t\t<a href=\"\/fi\/antivirus-desktop\/\">\n\t\t\t\t\t\t\t<img fetchpriority=\"high\" decoding=\"async\" width=\"300\" height=\"257\" src=\"https:\/\/manuals.gamecardshop.com\/wp-content\/uploads\/2025\/11\/catAntivirus.png\" class=\"attachment-large size-large wp-image-150052\" alt=\"\" srcset=\"https:\/\/manuals.gamecardshop.com\/wp-content\/uploads\/2025\/11\/catAntivirus.png 300w, https:\/\/manuals.gamecardshop.com\/wp-content\/uploads\/2025\/11\/catAntivirus-14x12.png 14w\" sizes=\"(max-width: 300px) 100vw, 300px\" \/>\t\t\t\t\t\t\t\t<\/a>\n\t\t\t\t\t\t\t\t\t\t\t\t\t\t\t<\/div>\n\t\t\t\t<\/div>\n\t\t\t\t<div class=\"elementor-element elementor-element-cfc2927 elementor-widget elementor-widget-text-editor\" data-id=\"cfc2927\" data-element_type=\"widget\" data-e-type=\"widget\" data-widget_type=\"text-editor.default\">\n\t\t\t\t<div class=\"elementor-widget-container\">\n\t\t\t\t\t\t\t\t\t<p><span style=\"font-size: 14pt;\"><strong>Kehittyneet tietoturvaratkaisut, jotka on suunniteltu suojaamaan laitteita ja tietoja viruksilta, haittaohjelmilta, kiristysohjelmilta ja muilta verkkouhilta.<\/strong>.<\/span><\/p>\t\t\t\t\t\t\t\t<\/div>\n\t\t\t\t<\/div>\n\t\t\t\t\t<\/div>\n\t\t<\/div>\n\t\t\t\t\t<\/div>\n\t\t<\/section>\n\t\t\t\t<\/div>","protected":false},"excerpt":{"rendered":"<p>Download Site MS Office Microsoft Office on toimisto-ohjelmistopaketti, joka kattaa koko Internet-markkinan ja Microsoft Windows -k\u00e4ytt\u00f6j\u00e4rjestelmien ty\u00f6p\u00f6yt\u00e4sovellukset. Windows Desktop Windows on k\u00e4ytt\u00f6j\u00e4rjestelm\u00e4, eli ohjelmistokokonaisuus, jonka avulla voidaan hallita tietokoneen resursseja... <\/p>","protected":false},"author":34262,"featured_media":0,"parent":0,"menu_order":0,"comment_status":"closed","ping_status":"closed","template":"elementor_header_footer","meta":{"_acf_changed":false,"footnotes":""},"class_list":["post-146119","page","type-page","status-publish","hentry"],"acf":[],"_links":{"self":[{"href":"https:\/\/manuals.winandofficews.com\/fi\/wp-json\/wp\/v2\/pages\/146119","targetHints":{"allow":["GET"]}}],"collection":[{"href":"https:\/\/manuals.winandofficews.com\/fi\/wp-json\/wp\/v2\/pages"}],"about":[{"href":"https:\/\/manuals.winandofficews.com\/fi\/wp-json\/wp\/v2\/types\/page"}],"author":[{"embeddable":true,"href":"https:\/\/manuals.winandofficews.com\/fi\/wp-json\/wp\/v2\/users\/34262"}],"replies":[{"embeddable":true,"href":"https:\/\/manuals.winandofficews.com\/fi\/wp-json\/wp\/v2\/comments?post=146119"}],"version-history":[{"count":0,"href":"https:\/\/manuals.winandofficews.com\/fi\/wp-json\/wp\/v2\/pages\/146119\/revisions"}],"wp:attachment":[{"href":"https:\/\/manuals.winandofficews.com\/fi\/wp-json\/wp\/v2\/media?parent=146119"}],"curies":[{"name":"wp","href":"https:\/\/api.w.org\/{rel}","templated":true}]}}